{"id":4,"date":"2026-02-19T07:35:49","date_gmt":"2026-02-19T07:35:49","guid":{"rendered":"https:\/\/aavsan.ee\/?page_id=4"},"modified":"2026-03-12T22:04:45","modified_gmt":"2026-03-12T22:04:45","slug":"home","status":"publish","type":"page","link":"https:\/\/aavsan.ee\/","title":{"rendered":"Aavsan O\u00dc"},"content":{"rendered":"\n<div class=\"wp-block-cover alignfull\" style=\"padding-top:0;padding-right:2rem;padding-bottom:0;padding-left:2rem;min-height:100vh;aspect-ratio:unset;\" id=\"hero\"><img loading=\"lazy\" decoding=\"async\" width=\"2400\" height=\"1586\" class=\"wp-block-cover__image-background wp-image-5\" alt=\"\" src=\"https:\/\/aavsan.ee\/wp-content\/uploads\/2026\/02\/IMG_0917.jpeg\" data-object-fit=\"cover\" srcset=\"https:\/\/aavsan.ee\/wp-content\/uploads\/2026\/02\/IMG_0917.jpeg 2400w, https:\/\/aavsan.ee\/wp-content\/uploads\/2026\/02\/IMG_0917-300x198.jpeg 300w, https:\/\/aavsan.ee\/wp-content\/uploads\/2026\/02\/IMG_0917-1024x677.jpeg 1024w, https:\/\/aavsan.ee\/wp-content\/uploads\/2026\/02\/IMG_0917-768x508.jpeg 768w, https:\/\/aavsan.ee\/wp-content\/uploads\/2026\/02\/IMG_0917-1536x1015.jpeg 1536w, https:\/\/aavsan.ee\/wp-content\/uploads\/2026\/02\/IMG_0917-2048x1353.jpeg 2048w\" sizes=\"auto, (max-width: 2400px) 100vw, 2400px\" \/><span aria-hidden=\"true\" class=\"wp-block-cover__background has-background-dim-80 has-background-dim\" style=\"background-color:#22425E\"><\/span><div class=\"wp-block-cover__inner-container is-layout-flow wp-block-cover-is-layout-flow\">\n<h1 class=\"wp-block-heading has-text-align-center hero-title has-text-color\" style=\"color:#ffffff;font-size:clamp(2.25rem, 5vw, 3.25rem);font-weight:700\">Aavsan O\u00dc<\/h1>\n\n\n\n<p class=\"has-text-align-center hero-subtitle has-text-color\" style=\"color:#ffffff;font-size:clamp(1rem, 2vw, 1.2rem);letter-spacing:0.15em;text-transform:uppercase\">Santehnilised t\u00f6\u00f6d \u00b7 K\u00fcttes\u00fcsteemid \u00b7 Kaevet\u00f6\u00f6d \u00b7 Septikud<\/p>\n\n\n\n<p class=\"has-text-align-center hero-body has-text-color\" style=\"color:#ffffff;font-size:clamp(1.05rem, 1.5vw, 1.2rem);line-height:1.8\">Aavsan O\u00dc on Eesti erakapitalil loodud ettev\u00f5te.<\/p>\n\n\n\n<p class=\"has-text-align-center hero-body has-text-color\" style=\"color:#ffffff;font-size:clamp(1.05rem, 1.5vw, 1.2rem);line-height:1.8\">Meie p\u00f5hitegevusaladeks on santehnilised t\u00f6\u00f6d, k\u00fcttes\u00fcsteemid, kaevet\u00f6\u00f6d ning septikute ja mahutite paigaldus. Pakume oma klientidele kiiret ja kvaliteetset teenust ning oleme oma ehitusalaste teadmiste, oskuste ja kauaaegsete kogemustega Teile abiks.<\/p>\n\n\n\n<p class=\"has-text-align-center hero-body has-text-color\" style=\"color:#ffffff;font-size:clamp(1.05rem, 1.5vw, 1.2rem);line-height:1.8\">Meie eesm\u00e4rgiks on tagada kliendi vajadusi ja ootusi rahuldav lahendus ning l\u00f5pptulemus m\u00f5istliku hinna eest.<\/p>\n\n\n\n<div class=\"wp-block-buttons is-content-justification-center is-layout-flex wp-container-core-buttons-is-layout-7c378c05 wp-block-buttons-is-layout-flex\" style=\"margin-top:2rem\">\n<div class=\"wp-block-button hero-cta\" style=\"font-size:1.05rem;font-weight:600\"><a class=\"wp-block-button__link has-text-color has-background\" href=\"#kontakt\" style=\"border-radius:6px;color:#22425E;background-color:#ffffff;padding-top:0.85rem;padding-right:2.5rem;padding-bottom:0.85rem;padding-left:2.5rem\">V\u00f5tke \u00fchendust<\/a><\/div>\n<\/div>\n<\/div><\/div>\n\n\n\n<div class=\"wp-block-group alignfull is-layout-flow wp-block-group-is-layout-flow\" id=\"teenused\" style=\"padding-top:0;padding-right:0;padding-bottom:0;padding-left:0\">\n<div class=\"wp-block-group service-content has-background is-layout-constrained wp-container-core-group-is-layout-dd2bd6ef wp-block-group-is-layout-constrained\" style=\"background-color:#ffffff;padding-top:3rem;padding-right:2rem;padding-bottom:3rem;padding-left:2rem\">\n<h3 class=\"wp-block-heading has-text-color\" style=\"color:#22425E;font-size:clamp(1.35rem, 3vw, 1.75rem);font-weight:600\">Santehnilised t\u00f6\u00f6d<\/h3>\n\n\n\n<p class=\"has-text-color\" style=\"color:#414042;font-size:clamp(1rem, 1.5vw, 1.15rem);line-height:1.7\">Pakume kvaliteetseid santehnilisi t\u00f6id nii uusehitistele kui ka renoveeritavatele objektidele. Teostame vee- ja kanalisatsioonis\u00fcsteemide paigalduse, torustike vahetuse ning sanitaartehnika \u00fchendamise vastavalt kehtivatele n\u00f5uetele. Tagame korrektse t\u00f6\u00f6, t\u00f6\u00f6kindlad lahendused ja puhta l\u00f5pptulemuse.<\/p>\n<\/div>\n\n\n\n<div class=\"wp-block-cover alignfull service-image-band\" style=\"min-height:250px;aspect-ratio:unset;\"><img loading=\"lazy\" decoding=\"async\" width=\"1280\" height=\"851\" class=\"wp-block-cover__image-background wp-image-6\" alt=\"Santehnilised t\u00f6\u00f6d\" src=\"https:\/\/aavsan.ee\/wp-content\/uploads\/2026\/02\/IMG_0916.jpeg\" data-object-fit=\"cover\" srcset=\"https:\/\/aavsan.ee\/wp-content\/uploads\/2026\/02\/IMG_0916.jpeg 1280w, https:\/\/aavsan.ee\/wp-content\/uploads\/2026\/02\/IMG_0916-300x199.jpeg 300w, https:\/\/aavsan.ee\/wp-content\/uploads\/2026\/02\/IMG_0916-1024x681.jpeg 1024w, https:\/\/aavsan.ee\/wp-content\/uploads\/2026\/02\/IMG_0916-768x511.jpeg 768w\" sizes=\"auto, (max-width: 1280px) 100vw, 1280px\" \/><span aria-hidden=\"true\" class=\"wp-block-cover__background has-background-dim-60 has-background-dim\" style=\"background-color:#22425E\"><\/span><div class=\"wp-block-cover__inner-container is-layout-flow wp-block-cover-is-layout-flow\">\n<p class=\"has-text-align-center has-large-font-size\"><\/p>\n<\/div><\/div>\n\n\n\n<div class=\"wp-block-group service-content has-background is-layout-constrained wp-container-core-group-is-layout-dd2bd6ef wp-block-group-is-layout-constrained\" style=\"background-color:#ffffff;padding-top:3rem;padding-right:2rem;padding-bottom:3rem;padding-left:2rem\">\n\n<h3 class=\"wp-block-heading has-text-color\" style=\"color:#22425E;font-size:clamp(1.35rem, 3vw, 1.75rem);font-weight:600\">K\u00fcttes\u00fcsteemid<\/h3>\n\n\n<p class=\"has-text-color\" style=\"color:#414042;font-size:clamp(1rem, 1.5vw, 1.15rem);line-height:1.7\">Pakume terviklikke k\u00fcttes\u00fcsteemide lahendusi eramutele ja korteri\u00fchistutele. Aitame valida energiat\u00f5husa ja teie vajadustele vastava s\u00fcsteemi ning teostame paigalduse kvaliteetselt ja n\u00f5uetele vastavalt. Meie eesm\u00e4rk on tagada t\u00f6\u00f6kindel, s\u00e4\u00e4stlik ja pika elueaga k\u00fcttelahendus.<\/p>\n\n<\/div>\n\n\n\n<div class=\"wp-block-cover alignfull service-image-band\" style=\"min-height:250px;aspect-ratio:unset;\"><img loading=\"lazy\" decoding=\"async\" width=\"1536\" height=\"1024\" class=\"wp-block-cover__image-background wp-image-122\" alt=\"K\u00fcttes\u00fcsteemid\" src=\"https:\/\/aavsan.ee\/wp-content\/uploads\/2026\/03\/Kuttesusteemid.jpg\" data-object-fit=\"cover\" srcset=\"https:\/\/aavsan.ee\/wp-content\/uploads\/2026\/03\/Kuttesusteemid.jpg 1536w, https:\/\/aavsan.ee\/wp-content\/uploads\/2026\/03\/Kuttesusteemid-300x200.jpg 300w, https:\/\/aavsan.ee\/wp-content\/uploads\/2026\/03\/Kuttesusteemid-1024x683.jpg 1024w, https:\/\/aavsan.ee\/wp-content\/uploads\/2026\/03\/Kuttesusteemid-768x512.jpg 768w\" sizes=\"auto, (max-width: 1536px) 100vw, 1536px\" \/><span aria-hidden=\"true\" class=\"wp-block-cover__background has-background-dim-60 has-background-dim\" style=\"background-color:#22425E\"><\/span><div class=\"wp-block-cover__inner-container is-layout-flow wp-block-cover-is-layout-flow\">\n<p class=\"has-text-align-center has-large-font-size\"><\/p>\n<\/div><\/div>\n\n\n\n<div class=\"wp-block-group service-content has-background is-layout-constrained wp-container-core-group-is-layout-dd2bd6ef wp-block-group-is-layout-constrained\" style=\"background-color:#ffffff;padding-top:3rem;padding-right:2rem;padding-bottom:3rem;padding-left:2rem\">\n<h3 class=\"wp-block-heading has-text-color\" style=\"color:#22425E;font-size:clamp(1.35rem, 3vw, 1.75rem);font-weight:600\">Kaevet\u00f6\u00f6d<\/h3>\n\n\n\n<p class=\"has-text-color\" style=\"color:#414042;font-size:clamp(1rem, 1.5vw, 1.15rem);line-height:1.7\">Pakume terviklahendusi septikute ja kogumismahutite paigalduseks koos vajalike kaevet\u00f6\u00f6dega. Teostame pinnaset\u00f6\u00f6d, paigalduse, torustike \u00fchendamise ning s\u00fcsteemi n\u00f5uetekohase k\u00e4ivitamise. Tagame t\u00f6\u00f6kindla ja keskkonnan\u00f5uetele vastava lahenduse nii uusehitistele kui ka olemasolevatele hoonetele.<\/p>\n<\/div>\n\n\n\n<div class=\"wp-block-cover alignfull service-image-band is-layout-flow wp-block-cover-is-layout-flow\" style=\"min-height:250px;aspect-ratio:unset;\">\n<span aria-hidden=\"true\" class=\"wp-block-cover__background has-background-dim-60 has-background-dim\" style=\"background-color:#22425E\"><\/span>\n<img loading=\"lazy\" decoding=\"async\" width=\"1536\" height=\"500\" class=\"wp-block-cover__image-background wp-image-127\" alt=\"Kaevet\u00f6\u00f6d\" src=\"https:\/\/aavsan.ee\/wp-content\/uploads\/2026\/03\/kaevetood.jpeg\" data-object-fit=\"cover\" style=\"object-position:50% 50%\" srcset=\"https:\/\/aavsan.ee\/wp-content\/uploads\/2026\/03\/kaevetood.jpeg 1536w, https:\/\/aavsan.ee\/wp-content\/uploads\/2026\/03\/kaevetood-300x98.jpeg 300w, https:\/\/aavsan.ee\/wp-content\/uploads\/2026\/03\/kaevetood-1024x333.jpeg 1024w, https:\/\/aavsan.ee\/wp-content\/uploads\/2026\/03\/kaevetood-768x250.jpeg 768w\" sizes=\"auto, (max-width: 1536px) 100vw, 1536px\" \/>\n<div class=\"wp-block-cover__inner-container\">\n<\/div><\/div>\n\n\n\n<div class=\"wp-block-group service-content has-background is-layout-constrained wp-container-core-group-is-layout-dd2bd6ef wp-block-group-is-layout-constrained\" style=\"background-color:#ffffff;padding-top:3rem;padding-right:2rem;padding-bottom:3rem;padding-left:2rem\">\n\n<h3 class=\"wp-block-heading has-text-color\" style=\"color:#22425E;font-size:clamp(1.35rem, 3vw, 1.75rem);font-weight:600\">Septikud<\/h3>\n\n\n<p class=\"has-text-color\" style=\"color:#414042;font-size:clamp(1rem, 1.5vw, 1.15rem);line-height:1.7\">Reovees\u00fcsteemide, kogumismahutite ja septikute m\u00fc\u00fck ning professionaalne paigaldus.<\/p>\n\n<\/div>\n<\/div>\n\n\n\n<div class=\"wp-block-group alignfull has-background is-layout-flow wp-block-group-is-layout-flow\" id=\"kontakt\" style=\"background-color:#22425E;padding-top:4rem;padding-right:2rem;padding-bottom:4rem;padding-left:2rem\">\n<h2 class=\"wp-block-heading has-text-align-center has-text-color\" style=\"color:#ffffff;font-size:clamp(1.75rem, 4vw, 2.5rem);font-weight:700\">V\u00f5tke meiega \u00fchendust<\/h2>\n\n\n\n<p class=\"has-text-align-center contact-info has-text-color\" style=\"color:#ffffff;margin-bottom:2rem;font-size:clamp(1rem, 1.5vw, 1.15rem);line-height:2\"><a href=\"mailto:info@aavsan.ee\">info@aavsan.ee<\/a><br><a href=\"tel:+37258532571\">+372 585 325 71<\/a><\/p>\n\n\n\n<div class=\"wpcf7 no-js\" id=\"wpcf7-f125-o1\" lang=\"et\" dir=\"ltr\" data-wpcf7-id=\"125\">\n<div class=\"screen-reader-response\"><p role=\"status\" aria-live=\"polite\" aria-atomic=\"true\"><\/p> <ul><\/ul><\/div>\n<form action=\"\/index.php?rest_route=%2Fwp%2Fv2%2Fpages%2F4#wpcf7-f125-o1\" method=\"post\" class=\"wpcf7-form init\" aria-label=\"Contact form\" novalidate=\"novalidate\" data-status=\"init\">\n<fieldset class=\"hidden-fields-container\"><input type=\"hidden\" name=\"_wpcf7\" value=\"125\" \/><input type=\"hidden\" name=\"_wpcf7_version\" value=\"6.1.5\" \/><input type=\"hidden\" name=\"_wpcf7_locale\" value=\"et\" \/><input type=\"hidden\" name=\"_wpcf7_unit_tag\" value=\"wpcf7-f125-o1\" \/><input type=\"hidden\" name=\"_wpcf7_container_post\" value=\"0\" \/><input type=\"hidden\" name=\"_wpcf7_posted_data_hash\" value=\"\" \/>\n<\/fieldset>\n<div>\n\t<p><label>Nimi<\/label><br \/>\n<span class=\"wpcf7-form-control-wrap\" data-name=\"your-name\"><input size=\"40\" maxlength=\"400\" class=\"wpcf7-form-control wpcf7-text wpcf7-validates-as-required\" aria-required=\"true\" aria-invalid=\"false\" placeholder=\"Teie nimi\" value=\"\" type=\"text\" name=\"your-name\" \/><\/span>\n\t<\/p>\n<\/div>\n<div>\n\t<p><label>E-post<\/label><br \/>\n<span class=\"wpcf7-form-control-wrap\" data-name=\"your-email\"><input size=\"40\" maxlength=\"400\" class=\"wpcf7-form-control wpcf7-email wpcf7-validates-as-required wpcf7-text wpcf7-validates-as-email\" aria-required=\"true\" aria-invalid=\"false\" placeholder=\"Teie e-posti aadress\" value=\"\" type=\"email\" name=\"your-email\" \/><\/span>\n\t<\/p>\n<\/div>\n<div>\n\t<p><label>Telefon<\/label><br \/>\n<span class=\"wpcf7-form-control-wrap\" data-name=\"your-phone\"><input size=\"40\" maxlength=\"400\" class=\"wpcf7-form-control wpcf7-tel wpcf7-text wpcf7-validates-as-tel\" aria-invalid=\"false\" placeholder=\"Teie telefoninumber\" value=\"\" type=\"tel\" name=\"your-phone\" \/><\/span>\n\t<\/p>\n<\/div>\n<div>\n\t<p><label>S\u00f5num<\/label><br \/>\n<span class=\"wpcf7-form-control-wrap\" data-name=\"your-message\"><textarea cols=\"40\" rows=\"10\" maxlength=\"2000\" class=\"wpcf7-form-control wpcf7-textarea wpcf7-validates-as-required\" aria-required=\"true\" aria-invalid=\"false\" placeholder=\"Teie s\u00f5num\" name=\"your-message\"><\/textarea><\/span>\n\t<\/p>\n<\/div>\n<p><span id=\"wpcf7-69f18d04451f7-wrapper\" class=\"wpcf7-form-control-wrap honeypot-field-wrap\" style=\"display:none !important; visibility:hidden !important;\"><label for=\"wpcf7-69f18d04451f7-field\" class=\"hp-message\">Please leave this field empty.<\/label><input id=\"wpcf7-69f18d04451f7-field\"  class=\"wpcf7-form-control wpcf7-text\" type=\"text\" name=\"honeypot-field\" value=\"\" size=\"40\" tabindex=\"-1\" autocomplete=\"new-password\" \/><\/span>\n<\/p>\n<div>\n\t<p><input class=\"wpcf7-form-control wpcf7-submit has-spinner\" type=\"submit\" value=\"Saada\" \/>\n\t<\/p>\n<\/div><div class=\"wpcf7-response-output\" aria-hidden=\"true\"><\/div>\n<\/form>\n<\/div>\n\n<\/div>\n","protected":false},"excerpt":{"rendered":"<p>Santehnilised t\u00f6\u00f6d Pakume kvaliteetseid santehnilisi t\u00f6id nii uusehitistele kui ka renoveeritavatele objektidele. Teostame vee- ja kanalisatsioonis\u00fcsteemide paigalduse, torustike vahetuse ning [&hellip;]<\/p>\n","protected":false},"author":0,"featured_media":0,"parent":0,"menu_order":0,"comment_status":"closed","ping_status":"closed","template":"","meta":{"site-sidebar-layout":"no-sidebar","site-content-layout":"","ast-site-content-layout":"full-width-container","site-content-style":"unboxed","site-sidebar-style":"default","ast-global-header-display":"","ast-banner-title-visibility":"","ast-main-header-display":"","ast-hfb-above-header-display":"","ast-hfb-below-header-display":"","ast-hfb-mobile-header-display":"","site-post-title":"disabled","ast-breadcrumbs-content":"","ast-featured-img":"","footer-sml-layout":"","ast-disable-related-posts":"","theme-transparent-header-meta":"","adv-header-id-meta":"","stick-header-meta":"","header-above-stick-meta":"","header-main-stick-meta":"","header-below-stick-meta":"","astra-migrate-meta-layouts":"set","ast-page-background-enabled":"default","ast-page-background-meta":{"desktop":{"background-color":"var(--ast-global-color-5)","background-image":"","background-repeat":"repeat","background-position":"center center","background-size":"auto","background-attachment":"scroll","background-type":"","background-media":"","overlay-type":"","overlay-color":"","overlay-opacity":"","overlay-gradient":""},"tablet":{"background-color":"","background-image":"","background-repeat":"repeat","background-position":"center center","background-size":"auto","background-attachment":"scroll","background-type":"","background-media":"","overlay-type":"","overlay-color":"","overlay-opacity":"","overlay-gradient":""},"mobile":{"background-color":"","background-image":"","background-repeat":"repeat","background-position":"center center","background-size":"auto","background-attachment":"scroll","background-type":"","background-media":"","overlay-type":"","overlay-color":"","overlay-opacity":"","overlay-gradient":""}},"ast-content-background-meta":{"desktop":{"background-color":"var(--ast-global-color-4)","background-image":"","background-repeat":"repeat","background-position":"center center","background-size":"auto","background-attachment":"scroll","background-type":"","background-media":"","overlay-type":"","overlay-color":"","overlay-opacity":"","overlay-gradient":""},"tablet":{"background-color":"var(--ast-global-color-4)","background-image":"","background-repeat":"repeat","background-position":"center center","background-size":"auto","background-attachment":"scroll","background-type":"","background-media":"","overlay-type":"","overlay-color":"","overlay-opacity":"","overlay-gradient":""},"mobile":{"background-color":"var(--ast-global-color-4)","background-image":"","background-repeat":"repeat","background-position":"center center","background-size":"auto","background-attachment":"scroll","background-type":"","background-media":"","overlay-type":"","overlay-color":"","overlay-opacity":"","overlay-gradient":""}},"footnotes":""},"class_list":["post-4","page","type-page","status-publish","hentry"],"_links":{"self":[{"href":"https:\/\/aavsan.ee\/index.php?rest_route=\/wp\/v2\/pages\/4","targetHints":{"allow":["GET"]}}],"collection":[{"href":"https:\/\/aavsan.ee\/index.php?rest_route=\/wp\/v2\/pages"}],"about":[{"href":"https:\/\/aavsan.ee\/index.php?rest_route=\/wp\/v2\/types\/page"}],"replies":[{"embeddable":true,"href":"https:\/\/aavsan.ee\/index.php?rest_route=%2Fwp%2Fv2%2Fcomments&post=4"}],"version-history":[{"count":5,"href":"https:\/\/aavsan.ee\/index.php?rest_route=\/wp\/v2\/pages\/4\/revisions"}],"predecessor-version":[{"id":138,"href":"https:\/\/aavsan.ee\/index.php?rest_route=\/wp\/v2\/pages\/4\/revisions\/138"}],"wp:attachment":[{"href":"https:\/\/aavsan.ee\/index.php?rest_route=%2Fwp%2Fv2%2Fmedia&parent=4"}],"curies":[{"name":"wp","href":"https:\/\/api.w.org\/{rel}","templated":true}]}}